{"id":818,"date":"2013-01-09T19:15:03","date_gmt":"2013-01-09T18:15:03","guid":{"rendered":"https:\/\/www.weinhandel-blum.de\/whb\/?product=pinot-gris"},"modified":"2026-03-22T07:53:17","modified_gmt":"2026-03-22T06:53:17","slug":"pinot-gris","status":"publish","type":"product","link":"https:\/\/www.weinhandel-blum.de\/whb\/index.php\/Produkt\/pinot-gris\/","title":{"rendered":"Pinot Gris"},"content":{"rendered":"<table style=\"width: 98%;\" border=\"0\" cellspacing=\"0\" cellpadding=\"0\">\n<tbody>\n<tr>\n<td valign=\"top\" width=\"120\"><span style=\"font-family: 'times new roman',times; font-size: 12pt;\"><strong>Wein:<\/strong><\/span><\/td>\n<td valign=\"top\" width=\"494\"><span style=\"font-family: 'times new roman',times; font-size: 12pt;\">Pinot Gris, s\u00fc\u00df<\/span><\/td>\n<\/tr>\n<tr>\n<td valign=\"top\" width=\"120\"><span style=\"font-family: 'times new roman',times; font-size: 12pt;\"><strong> Jahrgang:<\/strong><\/span><\/td>\n<td valign=\"top\" width=\"494\"><span style=\"font-family: 'times new roman',times; font-size: 12pt;\">2022<\/span><\/td>\n<\/tr>\n<tr>\n<td valign=\"top\" width=\"120\"><span style=\"font-family: 'times new roman',times; font-size: 12pt;\"><strong>Alkohol:<\/strong><\/span><\/td>\n<td valign=\"top\" width=\"494\"><span style=\"font-family: 'times new roman',times; font-size: 12pt;\">9,5 %Vol<\/span><\/td>\n<\/tr>\n<tr>\n<td valign=\"top\" width=\"120\"><span style=\"font-family: 'times new roman',times; font-size: 12pt;\"><strong> S\u00e4ure:<\/strong><\/span><\/td>\n<td valign=\"top\" width=\"494\"><span style=\"font-family: 'times new roman',times; font-size: 12pt;\">8,3 \u2030<\/span><\/td>\n<\/tr>\n<tr>\n<td valign=\"top\" width=\"120\"><span style=\"font-family: 'times new roman',times; font-size: 12pt;\"><strong> Restzucker:<\/strong><\/span><\/td>\n<td valign=\"top\" width=\"494\"><span style=\"font-family: 'times new roman',times; font-size: 12pt;\"><span style=\"font-family: 'times new roman',times;\">115,7 g\/l<\/span><\/span><\/td>\n<\/tr>\n<tr>\n<td valign=\"top\" width=\"120\"><span style=\"font-family: 'times new roman',times; font-size: 12pt;\"><strong>Flaschengr\u00f6\u00dfe:<\/strong><\/span><\/td>\n<td valign=\"top\" width=\"494\"><span style=\"font-family: 'times new roman',times; font-size: 12pt;\">0,75 ltr.<\/span><\/td>\n<\/tr>\n<tr>\n<td valign=\"top\" width=\"120\"><span style=\"font-family: 'times new roman',times; font-size: 12pt;\"><strong>&nbsp;<span style=\"color: #ffffff;\">.<\/span><\/strong><\/span><\/td>\n<td valign=\"top\" width=\"494\"><span style=\"font-family: 'times new roman',times; font-size: 12pt;\">&nbsp;<\/span><\/td>\n<\/tr>\n<tr>\n<td valign=\"top\" width=\"120\"><span style=\"font-family: 'times new roman',times,serif; font-size: 12pt;\"><strong>Beschreibung:<\/strong><\/span><\/td>\n<td valign=\"top\" width=\"494\">Goldgelber, zart schmeckender Burgunder, der trotz seiner hohen Reife noch ein ausgepr\u00e4gtes Sortenbukett aufweist.<\/td>\n<\/tr>\n<tr>\n<td valign=\"top\" width=\"120\"><span style=\"font-family: 'times new roman',times,serif; font-size: 12pt;\">&nbsp;<span style=\"color: #ffffff;\">.<\/span><\/span><\/td>\n<td valign=\"top\" width=\"494\"><span style=\"font-family: 'times new roman',times,serif; font-size: 12pt;\">&nbsp;<\/span><\/td>\n<\/tr>\n<tr>\n<td valign=\"top\" width=\"120\"><span style=\"font-family: 'times new roman',times,serif; font-size: 12pt;\"><strong>Speisen:<\/strong><\/span><\/td>\n<td valign=\"top\" width=\"494\">Der s\u00fc\u00dfliche&nbsp;<b>Salzl Pinot Gris, Auslese&nbsp;<\/b>passt gut zu Schimmelk\u00e4se, Leberparfait. Warme K\u00e4se-Gerichte wie Fondue,&nbsp;K\u00e4seauflauf oder K\u00e4senudeln. Aber auch zu diversen Nachspeisen wie Nuss-Strudel oder Apfelkrapfen.<\/td>\n<\/tr>\n<tr>\n<td valign=\"top\" width=\"120\"><span style=\"font-family: 'times new roman',times,serif; font-size: 12pt;\"><strong>&nbsp;<span style=\"color: #ffffff;\">.<\/span><\/strong><\/span><\/td>\n<td valign=\"top\" width=\"494\"><span style=\"font-family: 'times new roman',times,serif; font-size: 12pt;\">&nbsp;<\/span><\/td>\n<\/tr>\n<tr>\n<td valign=\"top\" width=\"120\"><span style=\"font-family: 'times new roman',times,serif; font-size: 12pt;\"><strong>Hinweis f\u00fcr Allergiker:&nbsp;<\/strong><\/span><\/td>\n<td valign=\"top\" width=\"494\"><span style=\"font-family: 'times new roman',times,serif; font-size: 12pt;\">enth\u00e4lt Sulfite (Erzeuger: Weingut Rudolf Salzl, Illmitz)<\/span><\/td>\n<\/tr>\n<\/tbody>\n<\/table>\n","protected":false},"excerpt":{"rendered":"<p><span style=\"font-family: times new roman,times,serif; font-size: 12pt;\">Endpreis zzgl. Versandkosten<\/span><\/p>\n<p><span style=\"font-family: 'times new roman', times, serif; font-size: 12pt;\">Preis\/Ltr.: 11,33 \u20ac<\/span><\/p>\n<p>&nbsp;<\/p>\n","protected":false},"featured_media":3150,"comment_status":"closed","ping_status":"closed","template":"","meta":{"ngg_post_thumbnail":0},"product_brand":[],"product_cat":[24,19],"product_tag":[],"class_list":{"0":"post-818","1":"product","2":"type-product","3":"status-publish","4":"has-post-thumbnail","6":"product_cat-suess","7":"product_cat-weissweine","9":"first","10":"instock","11":"shipping-taxable","12":"purchasable","13":"product-type-simple"},"_links":{"self":[{"href":"https:\/\/www.weinhandel-blum.de\/whb\/index.php\/wp-json\/wp\/v2\/product\/818","targetHints":{"allow":["GET"]}}],"collection":[{"href":"https:\/\/www.weinhandel-blum.de\/whb\/index.php\/wp-json\/wp\/v2\/product"}],"about":[{"href":"https:\/\/www.weinhandel-blum.de\/whb\/index.php\/wp-json\/wp\/v2\/types\/product"}],"replies":[{"embeddable":true,"href":"https:\/\/www.weinhandel-blum.de\/whb\/index.php\/wp-json\/wp\/v2\/comments?post=818"}],"wp:featuredmedia":[{"embeddable":true,"href":"https:\/\/www.weinhandel-blum.de\/whb\/index.php\/wp-json\/wp\/v2\/media\/3150"}],"wp:attachment":[{"href":"https:\/\/www.weinhandel-blum.de\/whb\/index.php\/wp-json\/wp\/v2\/media?parent=818"}],"wp:term":[{"taxonomy":"product_brand","embeddable":true,"href":"https:\/\/www.weinhandel-blum.de\/whb\/index.php\/wp-json\/wp\/v2\/product_brand?post=818"},{"taxonomy":"product_cat","embeddable":true,"href":"https:\/\/www.weinhandel-blum.de\/whb\/index.php\/wp-json\/wp\/v2\/product_cat?post=818"},{"taxonomy":"product_tag","embeddable":true,"href":"https:\/\/www.weinhandel-blum.de\/whb\/index.php\/wp-json\/wp\/v2\/product_tag?post=818"}],"curies":[{"name":"wp","href":"https:\/\/api.w.org\/{rel}","templated":true}]}}