{"id":803,"date":"2013-01-09T18:02:28","date_gmt":"2013-01-09T17:02:28","guid":{"rendered":"https:\/\/www.weinhandel-blum.de\/whb\/?product=muskat-ottonel"},"modified":"2026-04-25T08:31:05","modified_gmt":"2026-04-25T06:31:05","slug":"muskat-ottonel","status":"publish","type":"product","link":"https:\/\/www.weinhandel-blum.de\/whb\/index.php\/Produkt\/muskat-ottonel\/","title":{"rendered":"Muskat\u00b2"},"content":{"rendered":"<blockquote>\n<table style=\"width: 98%;\" border=\"0\" cellspacing=\"0\" cellpadding=\"0\">\n<tbody>\n<tr>\n<td valign=\"top\" width=\"120\"><span style=\"font-family: 'times new roman',times; font-size: 12pt;\"><strong>Wein:<\/strong><\/span><\/td>\n<td valign=\"top\" width=\"494\"><span style=\"font-family: 'times new roman',times; font-size: 12pt;\">Muskat<strong><sup>2<\/sup><\/strong>, trocken<strong>&nbsp; <\/strong><\/span><\/td>\n<\/tr>\n<tr>\n<td valign=\"top\" width=\"120\"><span style=\"font-family: 'times new roman',times; font-size: 12pt;\"><strong> Jahrgang:<\/strong><\/span><\/td>\n<td valign=\"top\" width=\"494\"><span style=\"font-family: 'times new roman',times; font-size: 12pt;\">2024 + 2025<\/span><\/td>\n<\/tr>\n<tr>\n<td valign=\"top\" width=\"120\"><span style=\"font-family: 'times new roman',times; font-size: 12pt;\"><strong>Alkohol:<\/strong><\/span><\/td>\n<td valign=\"top\" width=\"494\"><span style=\"font-family: 'times new roman',times; font-size: 12pt;\">11,5 %Vol<\/span><\/td>\n<\/tr>\n<tr>\n<td valign=\"top\" width=\"120\"><span style=\"font-family: 'times new roman',times; font-size: 12pt;\"><strong> S\u00e4ure:<\/strong><\/span><\/td>\n<td valign=\"top\" width=\"494\"><span style=\"font-family: 'times new roman',times; font-size: 12pt;\">4,5 \u2030<\/span><\/td>\n<\/tr>\n<tr>\n<td valign=\"top\" width=\"120\"><span style=\"font-family: 'times new roman',times; font-size: 12pt;\"><strong> Restzucker:<\/strong><\/span><\/td>\n<td valign=\"top\" width=\"494\"><span style=\"font-family: 'times new roman',times; font-size: 12pt;\">1,2 g\/l<\/span><\/td>\n<\/tr>\n<tr>\n<td valign=\"top\" width=\"120\"><span style=\"font-family: 'times new roman',times; font-size: 12pt;\"><strong>Flaschengr\u00f6\u00dfe:<\/strong><\/span><\/td>\n<td valign=\"top\" width=\"494\"><span style=\"font-family: 'times new roman',times; font-size: 12pt;\">0,75 ltr.<\/span><\/td>\n<\/tr>\n<tr>\n<td valign=\"top\" width=\"120\"><span style=\"font-family: 'times new roman',times; font-size: 12pt;\"><strong>&nbsp;<span style=\"color: #ffffff;\">.<\/span><\/strong><\/span><\/td>\n<td valign=\"top\" width=\"494\"><span style=\"font-family: 'times new roman',times; font-size: 12pt;\">&nbsp;<\/span><\/td>\n<\/tr>\n<tr>\n<td valign=\"top\" width=\"120\"><span style=\"font-family: 'times new roman',times; font-size: 12pt;\"><strong>Beschreibung:<\/strong><\/span><\/td>\n<td valign=\"top\" width=\"494\">Kombination der Sorten Muskat Ottonel und Goldmuskateller. Die Muskat Rebe ist eine der \u00e4ltesten Sorten, die in \u00d6sterreich angebaut werden. Sie ist in letzter Zeit im Burgenland selten zu finden und z\u00e4hlt daher zu den Rarit\u00e4ts- weinen. Die Geruchsnerven werden vom Bukett \u00fcberw\u00e4ltigt. Der lagenspezifische Ton des Sandbodens verst\u00e4rkt die exotischen Aromen.<\/td>\n<\/tr>\n<tr>\n<td valign=\"top\" width=\"120\"><span style=\"font-family: 'times new roman',times,serif; font-size: 12pt;\">&nbsp;<span style=\"color: #ffffff;\">.<\/span><\/span><\/td>\n<td valign=\"top\" width=\"494\"><span style=\"font-family: 'times new roman',times,serif; font-size: 12pt;\">&nbsp;<\/span><\/td>\n<\/tr>\n<tr>\n<td valign=\"top\" width=\"120\"><span style=\"font-family: 'times new roman',times,serif; font-size: 12pt;\"><strong>Speisen:<\/strong><\/span><\/td>\n<td valign=\"top\" width=\"494\"><span style=\"font-family: 'times new roman',times,serif; font-size: 12pt;\">Der&nbsp;<strong>Salzl Muskat\u00b2&nbsp;<\/strong>ist ein angenehmer Begleiter zu aromatischen Speisen wie Curry-Huhn etc. Speisen mit exotischen&nbsp;und fruchtigen Saucen und Beilagen. Ideal f\u00fcr Gerichte die mit Muskatnuss gew\u00fcrzt werden. Er passt auch gut zu diversen Weich- und Schimmelk\u00e4se-Sorten.<\/span><\/td>\n<\/tr>\n<tr>\n<td valign=\"top\" width=\"120\"><span style=\"font-family: 'times new roman',times,serif; font-size: 12pt;\"><strong>&nbsp;<span style=\"color: #ffffff;\">.<\/span><\/strong><\/span><\/td>\n<td valign=\"top\" width=\"494\"><span style=\"font-family: 'times new roman',times,serif; font-size: 12pt;\">&nbsp;<\/span><\/td>\n<\/tr>\n<tr>\n<td valign=\"top\" width=\"120\"><span style=\"font-family: 'times new roman',times,serif; font-size: 12pt;\"><strong>Hinweis f\u00fcr Allergiker:&nbsp;<\/strong><\/span><\/td>\n<td valign=\"top\" width=\"494\"><span style=\"font-family: 'times new roman',times,serif; font-size: 12pt;\">enth\u00e4lt Sulfite (Erzeuger: Weingut Rudolf Salzl, Illmitz)<\/span><\/td>\n<\/tr>\n<\/tbody>\n<\/table>\n<div>&nbsp;<\/div>\n<div class=\"space-y-3 px-0 py-4 bg\">\n<table class=\"nutrient-table\" style=\"height: 171px;\" width=\"683\">\n<thead>\n<tr>\n<th class=\"nutrient-name\" style=\"text-align: left;\" scope=\"col\">N\u00e4hrwertangaben<\/th>\n<th class=\"nutrient-value\" style=\"text-align: left;\" scope=\"col\">je 100&nbsp;ml<\/th>\n<\/tr>\n<\/thead>\n<tbody>\n<tr>\n<td class=\"nutrient-name\">Brennwert<\/td>\n<td class=\"nutrient-value\">276 kJ \/ 66 kcal<\/td>\n<\/tr>\n<tr>\n<td class=\"nutrient-name\">Kohlenhydrate<\/td>\n<td class=\"nutrient-value\">0,9 g<\/td>\n<\/tr>\n<tr>\n<td class=\"nutrient-name italic\">davon Zucker<\/td>\n<td class=\"nutrient-value\">0,1 g<\/td>\n<\/tr>\n<tr>\n<td class=\"nutrient-name\" colspan=\"2\">\n<div class=\"pr-2\">Enth\u00e4lt geringf\u00fcgige Mengen von Fett, ges\u00e4ttigten Fetts\u00e4uren, Eiwei\u00df und Salz.<\/div>\n<\/td>\n<\/tr>\n<\/tbody>\n<\/table>\n<p>&nbsp;<\/p>\n<table class=\"nutrient-table\">\n<thead>\n<tr>\n<th class=\"nutrient-name\" style=\"text-align: left;\" scope=\"col\">Inhaltsstoffe<\/th>\n<\/tr>\n<\/thead>\n<tbody>\n<tr>\n<td class=\"nutrient-name\">Zutaten: Trauben; Stabilisatoren: Carboxymethylcellulose; Antioxidationsmittel: Schwefeldioxid<\/td>\n<\/tr>\n<\/tbody>\n<\/table>\n<\/div>\n<div class=\"space-y-3 mt-8 mb-6\">\n<div>&nbsp;<\/div>\n<div class=\"text-xs font-bold text-neutral-800 text-center\"><strong>Weingut Christa &amp; Ing. Rudi Salzl, Angergasse 22, 7142 Illmitz, \u00d6sterreich<\/strong><\/div>\n<\/div>\n<\/blockquote>\n","protected":false},"excerpt":{"rendered":"<p><span style=\"font-family: times new roman,times,serif; font-size: 12pt;\">Endpreis zzgl. Versandkosten<\/span><\/p>\n<p><span style=\"font-family: 'times new roman', times, serif; font-size: 12pt;\">Preis\/Ltr.: 10,00 \u20ac<\/span><\/p>\n<p>&nbsp;<\/p>\n","protected":false},"featured_media":4167,"comment_status":"closed","ping_status":"closed","template":"","meta":{"ngg_post_thumbnail":0},"product_brand":[],"product_cat":[26,19],"product_tag":[],"class_list":{"0":"post-803","1":"product","2":"type-product","3":"status-publish","4":"has-post-thumbnail","6":"product_cat-trocken","7":"product_cat-weissweine","9":"first","10":"instock","11":"shipping-taxable","12":"purchasable","13":"product-type-simple"},"_links":{"self":[{"href":"https:\/\/www.weinhandel-blum.de\/whb\/index.php\/wp-json\/wp\/v2\/product\/803","targetHints":{"allow":["GET"]}}],"collection":[{"href":"https:\/\/www.weinhandel-blum.de\/whb\/index.php\/wp-json\/wp\/v2\/product"}],"about":[{"href":"https:\/\/www.weinhandel-blum.de\/whb\/index.php\/wp-json\/wp\/v2\/types\/product"}],"replies":[{"embeddable":true,"href":"https:\/\/www.weinhandel-blum.de\/whb\/index.php\/wp-json\/wp\/v2\/comments?post=803"}],"wp:featuredmedia":[{"embeddable":true,"href":"https:\/\/www.weinhandel-blum.de\/whb\/index.php\/wp-json\/wp\/v2\/media\/4167"}],"wp:attachment":[{"href":"https:\/\/www.weinhandel-blum.de\/whb\/index.php\/wp-json\/wp\/v2\/media?parent=803"}],"wp:term":[{"taxonomy":"product_brand","embeddable":true,"href":"https:\/\/www.weinhandel-blum.de\/whb\/index.php\/wp-json\/wp\/v2\/product_brand?post=803"},{"taxonomy":"product_cat","embeddable":true,"href":"https:\/\/www.weinhandel-blum.de\/whb\/index.php\/wp-json\/wp\/v2\/product_cat?post=803"},{"taxonomy":"product_tag","embeddable":true,"href":"https:\/\/www.weinhandel-blum.de\/whb\/index.php\/wp-json\/wp\/v2\/product_tag?post=803"}],"curies":[{"name":"wp","href":"https:\/\/api.w.org\/{rel}","templated":true}]}}