{"id":790,"date":"2013-01-09T16:59:54","date_gmt":"2013-01-09T15:59:54","guid":{"rendered":"https:\/\/www.weinhandel-blum.de\/whb\/?product=kardarker"},"modified":"2026-03-22T08:14:05","modified_gmt":"2026-03-22T07:14:05","slug":"kardarker","status":"publish","type":"product","link":"https:\/\/www.weinhandel-blum.de\/whb\/index.php\/Produkt\/kardarker\/","title":{"rendered":"KardaRker"},"content":{"rendered":"<table style=\"width: 98%;\" border=\"0\" cellspacing=\"0\" cellpadding=\"0\">\n<tbody>\n<tr>\n<td valign=\"top\" width=\"120\"><span style=\"font-family: 'times new roman', times, serif; font-size: 12pt;\"><strong>Wein:<\/strong><\/span><\/td>\n<td valign=\"top\" width=\"494\">KardaRker, <span style=\"font-family: 'times new roman', times, serif; font-size: 12pt;\">trocken<\/span><strong style=\"font-family: 'times new roman', times, serif; font-size: 12pt;\">&nbsp;<\/strong><\/td>\n<\/tr>\n<tr>\n<td valign=\"top\" width=\"120\"><span style=\"font-family: 'times new roman', times, serif; font-size: 12pt;\"><strong> Jahrgang:<\/strong><\/span><\/td>\n<td valign=\"top\" width=\"494\"><span style=\"font-family: 'times new roman', times, serif; font-size: 12pt;\">2024<\/span><\/td>\n<\/tr>\n<tr>\n<td valign=\"top\" width=\"120\"><span style=\"font-family: 'times new roman', times, serif; font-size: 12pt;\"><strong>Alkohol:<\/strong><\/span><\/td>\n<td valign=\"top\" width=\"494\"><span style=\"font-family: 'times new roman', times, serif; font-size: 12pt;\">12,5 %Vol<\/span><\/td>\n<\/tr>\n<tr>\n<td valign=\"top\" width=\"120\"><span style=\"font-family: 'times new roman', times, serif; font-size: 12pt;\"><strong> S\u00e4ure:<\/strong><\/span><\/td>\n<td valign=\"top\" width=\"494\"><span style=\"font-family: 'times new roman', times, serif; font-size: 12pt;\">6,1\u2030<\/span><\/td>\n<\/tr>\n<tr>\n<td valign=\"top\" width=\"120\"><span style=\"font-family: 'times new roman', times, serif; font-size: 12pt;\"><strong> Restzucker:<\/strong><\/span><\/td>\n<td valign=\"top\" width=\"494\"><span style=\"font-family: 'times new roman', times, serif; font-size: 12pt;\">0,8 g\/l<\/span><\/td>\n<\/tr>\n<tr>\n<td valign=\"top\" width=\"120\"><span style=\"font-family: 'times new roman', times, serif; font-size: 12pt;\"><strong>Flaschengr\u00f6\u00dfe:<\/strong><\/span><\/td>\n<td valign=\"top\" width=\"494\"><span style=\"font-family: 'times new roman', times, serif; font-size: 12pt;\">0,75 ltr.<\/span><\/td>\n<\/tr>\n<tr>\n<td valign=\"top\" width=\"120\"><span style=\"font-family: arial, helvetica, sans-serif;\"><strong>&nbsp;<span style=\"color: #ffffff;\">.<\/span><\/strong><\/span><\/td>\n<td valign=\"top\" width=\"494\"><span style=\"font-family: arial, helvetica, sans-serif;\">&nbsp;<\/span><\/td>\n<\/tr>\n<tr>\n<td valign=\"top\" width=\"120\"><span style=\"font-family: 'times new roman', times, serif; font-size: 12pt;\"><strong>Beschreibung:<\/strong><\/span><\/td>\n<td valign=\"top\" width=\"494\"><span style=\"font-family: 'times new roman', times, serif; font-size: 12pt;\">Gr\u00fcn schimmernde Farbe, s\u00fcffiger, s\u00e4urebetonter, bek\u00f6mmlicher Wein mit grasigem s\u00fcdl\u00e4ndischen Geschmack. Ein \u00e4g\u00e4ischerer Volksstamm hat bereits 200 v.Christus diesen Wein gekeltert.<\/span><\/td>\n<\/tr>\n<tr>\n<td valign=\"top\" width=\"120\"><span style=\"font-family: 'times new roman', times, serif; font-size: 12pt;\">&nbsp;<span style=\"color: #ffffff;\">.<\/span><\/span><\/td>\n<td valign=\"top\" width=\"494\"><span style=\"font-family: 'times new roman', times, serif; font-size: 12pt;\">&nbsp;<\/span><\/td>\n<\/tr>\n<tr>\n<td valign=\"top\" width=\"120\"><span style=\"font-family: 'times new roman', times, serif; font-size: 12pt;\"><strong>Speisen:<\/strong><\/span><\/td>\n<td valign=\"top\" width=\"494\"><span style=\"font-family: 'times new roman', times, serif; font-size: 12pt;\">Sehr gut geeignet f\u00fcr die leichte K\u00fcche, leichte Nudel- und Fleisch- sowie Fischgerichte. Idealer Wein f\u00fcr hei\u00dfe Tage.<\/span><\/td>\n<\/tr>\n<tr>\n<td valign=\"top\" width=\"120\"><span style=\"font-family: 'times new roman', times, serif; font-size: 12pt;\"><strong>&nbsp;<span style=\"color: #ffffff;\">.<\/span><\/strong><\/span><\/td>\n<td valign=\"top\" width=\"494\"><span style=\"font-family: 'times new roman', times, serif; font-size: 12pt;\">&nbsp;<\/span><\/td>\n<\/tr>\n<tr>\n<td valign=\"top\" width=\"120\"><span style=\"font-family: 'times new roman', times, serif; font-size: 12pt;\"><strong>Hinweis f\u00fcr Allergiker:&nbsp;<\/strong><\/span><\/td>\n<td valign=\"top\" width=\"494\"><span style=\"font-family: 'times new roman', times, serif; font-size: 12pt;\">enth\u00e4lt Sulfite (Erzeuger: Weingut Rudolf Salzl, Illmitz)<\/span><\/td>\n<\/tr>\n<\/tbody>\n<\/table>\n<p>&nbsp;<\/p>\n<table class=\"nutrient-table\" style=\"height: 190px;\" width=\"689\">\n<thead>\n<tr>\n<th class=\"nutrient-name\" style=\"text-align: left;\" scope=\"col\">N\u00e4hrwertangaben<\/th>\n<th class=\"nutrient-value\" style=\"text-align: left;\" scope=\"col\">je 100&nbsp;ml<\/th>\n<\/tr>\n<\/thead>\n<tbody>\n<tr>\n<td class=\"nutrient-name\">Brennwert<\/td>\n<td class=\"nutrient-value\">308 kJ<br \/>\n74 kcal<\/td>\n<\/tr>\n<tr>\n<td class=\"nutrient-name\">Kohlenhydrate<\/td>\n<td class=\"nutrient-value\">0,8 g<\/td>\n<\/tr>\n<tr>\n<td class=\"nutrient-name italic\">davon Zucker<\/td>\n<td class=\"nutrient-value\">0,1 g<\/td>\n<\/tr>\n<tr>\n<td class=\"nutrient-name\" colspan=\"2\">\n<div class=\"pr-2\">Enth\u00e4lt geringf\u00fcgige Mengen von Fett, ges\u00e4ttigten Fetts\u00e4uren, Eiwei\u00df und Salz.<\/div>\n<\/td>\n<\/tr>\n<\/tbody>\n<\/table>\n<p>&nbsp;<\/p>\n<table class=\"nutrient-table\" style=\"height: 61px;\" width=\"690\">\n<thead>\n<tr>\n<th class=\"nutrient-name\" style=\"text-align: left;\" scope=\"col\">Inhaltsstoffe<\/th>\n<\/tr>\n<\/thead>\n<tbody>\n<tr>\n<td class=\"nutrient-name\">Zutaten: Trauben;&nbsp;Stabilisatoren: Carboxymethylcellulose;&nbsp;Antioxidationsmittel:&nbsp;Schwefeldioxid<\/td>\n<\/tr>\n<\/tbody>\n<\/table>\n<p><strong>Weingut Christa &amp; Ing. Rudi Salzl, Angergasse 22, 7142 Illmitz, \u00d6sterreich<\/strong><\/p>\n","protected":false},"excerpt":{"rendered":"<p><span style=\"font-family: times new roman,times,serif; font-size: 14pt;\">Endpreis zzgl. Versandkosten<\/span><\/p>\n<p><span style=\"font-family: times new roman,times,serif; font-size: 14pt;\">Preis\/Ltr.: 8,67 \u20ac<\/span><\/p>\n","protected":false},"featured_media":3198,"comment_status":"closed","ping_status":"closed","template":"","meta":{"ngg_post_thumbnail":0},"product_brand":[],"product_cat":[26,19],"product_tag":[],"class_list":{"0":"post-790","1":"product","2":"type-product","3":"status-publish","4":"has-post-thumbnail","6":"product_cat-trocken","7":"product_cat-weissweine","9":"first","10":"instock","11":"shipping-taxable","12":"purchasable","13":"product-type-simple"},"_links":{"self":[{"href":"https:\/\/www.weinhandel-blum.de\/whb\/index.php\/wp-json\/wp\/v2\/product\/790","targetHints":{"allow":["GET"]}}],"collection":[{"href":"https:\/\/www.weinhandel-blum.de\/whb\/index.php\/wp-json\/wp\/v2\/product"}],"about":[{"href":"https:\/\/www.weinhandel-blum.de\/whb\/index.php\/wp-json\/wp\/v2\/types\/product"}],"replies":[{"embeddable":true,"href":"https:\/\/www.weinhandel-blum.de\/whb\/index.php\/wp-json\/wp\/v2\/comments?post=790"}],"wp:featuredmedia":[{"embeddable":true,"href":"https:\/\/www.weinhandel-blum.de\/whb\/index.php\/wp-json\/wp\/v2\/media\/3198"}],"wp:attachment":[{"href":"https:\/\/www.weinhandel-blum.de\/whb\/index.php\/wp-json\/wp\/v2\/media?parent=790"}],"wp:term":[{"taxonomy":"product_brand","embeddable":true,"href":"https:\/\/www.weinhandel-blum.de\/whb\/index.php\/wp-json\/wp\/v2\/product_brand?post=790"},{"taxonomy":"product_cat","embeddable":true,"href":"https:\/\/www.weinhandel-blum.de\/whb\/index.php\/wp-json\/wp\/v2\/product_cat?post=790"},{"taxonomy":"product_tag","embeddable":true,"href":"https:\/\/www.weinhandel-blum.de\/whb\/index.php\/wp-json\/wp\/v2\/product_tag?post=790"}],"curies":[{"name":"wp","href":"https:\/\/api.w.org\/{rel}","templated":true}]}}