{"id":467,"date":"2012-11-12T13:48:04","date_gmt":"2012-11-12T12:48:04","guid":{"rendered":"http:\/\/www.hans-schachtner.de\/wp-blum\/?post_type=product&#038;p=467"},"modified":"2026-05-02T08:04:55","modified_gmt":"2026-05-02T06:04:55","slug":"cabernet-sauvignon","status":"publish","type":"product","link":"https:\/\/www.weinhandel-blum.de\/whb\/index.php\/Produkt\/cabernet-sauvignon\/","title":{"rendered":"Cabernet Sauvignon"},"content":{"rendered":"<table style=\"width: 98%;\" border=\"0\" cellspacing=\"0\" cellpadding=\"0\">\n<tbody>\n<tr>\n<td valign=\"top\" width=\"120\"><span style=\"font-family: 'times new roman',times; font-size: 12pt;\"><strong>Wein:<\/strong><\/span><\/td>\n<td valign=\"top\" width=\"494\"><span style=\"font-family: 'times new roman',times; font-size: 12pt;\">Cabernet Sauvignon, trocken<\/span><\/td>\n<\/tr>\n<tr>\n<td valign=\"top\" width=\"120\"><span style=\"font-family: 'times new roman',times; font-size: 12pt;\"><strong> Jahrgang:<\/strong><\/span><\/td>\n<td valign=\"top\" width=\"494\"><span style=\"font-family: 'times new roman',times; font-size: 12pt;\">2022<\/span><\/td>\n<\/tr>\n<tr>\n<td valign=\"top\" width=\"120\"><span style=\"font-family: 'times new roman',times; font-size: 12pt;\"><strong>Alkohol:<\/strong><\/span><\/td>\n<td valign=\"top\" width=\"494\"><span style=\"font-family: 'times new roman',times; font-size: 12pt;\">14,0%Vol<\/span><\/td>\n<\/tr>\n<tr>\n<td valign=\"top\" width=\"120\"><span style=\"font-family: 'times new roman',times; font-size: 12pt;\"><strong> S\u00e4ure:<\/strong><\/span><\/td>\n<td valign=\"top\" width=\"494\"><span style=\"font-family: 'times new roman',times; font-size: 12pt;\">5,3 \u2030<\/span><\/td>\n<\/tr>\n<tr>\n<td valign=\"top\" width=\"120\"><span style=\"font-family: 'times new roman',times; font-size: 12pt;\"><strong> Restzucker:<\/strong><\/span><\/td>\n<td valign=\"top\" width=\"494\"><span style=\"font-family: 'times new roman',times; font-size: 12pt;\">1,1&nbsp; g\/l<\/span><\/td>\n<\/tr>\n<tr>\n<td valign=\"top\" width=\"120\"><span style=\"font-family: 'times new roman',times; font-size: 12pt;\"><strong>Flaschengr\u00f6\u00dfe:<\/strong><\/span><\/td>\n<td valign=\"top\" width=\"494\"><span style=\"font-family: 'times new roman',times; font-size: 12pt;\">0,75 ltr.<\/span><\/td>\n<\/tr>\n<tr>\n<td valign=\"top\" width=\"120\"><span style=\"font-size: 12pt;\">&nbsp;<\/span><\/td>\n<td valign=\"top\" width=\"494\"><span style=\"font-size: 12pt;\">&nbsp;<\/span><\/td>\n<\/tr>\n<tr>\n<td valign=\"top\" width=\"120\"><span style=\"font-family: 'times new roman',times,serif; font-size: 12pt;\"><strong>Beschreibung:<\/strong><\/span><\/td>\n<td valign=\"top\" width=\"494\"><span style=\"font-family: 'times new roman',times,serif; font-size: 12pt;\">Entdecken Sie den&nbsp;<strong>Salzl Cabernet Sauvignon<\/strong>, einen tiefdunklen, gehaltvollen Rotwein, der durch seinen grasigen, an schwarze Johannisbeeren erinnernden Geschmack besticht. Sein unverwechselbarer Geschmack macht jeden Schluck zu einem Genuss.<\/span><\/td>\n<\/tr>\n<tr>\n<td valign=\"top\" width=\"120\"><span style=\"font-family: 'times new roman',times,serif; font-size: 12pt;\">&nbsp;<\/span><\/td>\n<td valign=\"top\" width=\"494\"><span style=\"font-family: 'times new roman',times,serif; font-size: 12pt;\">&nbsp;<\/span><\/td>\n<\/tr>\n<tr>\n<td valign=\"top\" width=\"120\"><span style=\"font-family: 'times new roman',times,serif; font-size: 12pt;\"><strong>Speisen:<\/strong><\/span><\/td>\n<td valign=\"top\" width=\"494\">Der&nbsp;<strong>Salzl Cabernet Sauvignon<\/strong>&nbsp;ist gut geeignet f\u00fcr Gerichte welche mit Kr\u00e4utern abgerundet werden. Keine \u00fcppigen Saucen wie Buttersauce und nicht zu viel Salz. Magere Fleischarten kombiniert mit feinen Saucen und Nudeln. Wildgerichte mit Wurzel- Gem\u00fcsesaucen. Rinderschmorbraten mit leichter Zwiebelsauce.<\/td>\n<\/tr>\n<tr>\n<td valign=\"top\" width=\"120\"><span style=\"font-family: 'times new roman',times,serif; font-size: 12pt;\">&nbsp;<\/span><\/td>\n<td valign=\"top\" width=\"494\"><span style=\"font-family: 'times new roman',times,serif; font-size: 12pt;\">&nbsp;<\/span><\/td>\n<\/tr>\n<tr>\n<td valign=\"top\" width=\"120\"><span style=\"font-family: 'times new roman',times,serif; font-size: 12pt;\"><strong>Hinweis f\u00fcr Allergiker:&nbsp;<\/strong><\/span><\/td>\n<td valign=\"top\" width=\"494\"><span style=\"font-family: 'times new roman',times,serif; font-size: 12pt;\">enth\u00e4lt Sulfite (Erzeuger: Weingut Rudolf Salzl, Illmitz)<\/span><\/td>\n<\/tr>\n<\/tbody>\n<\/table>\n","protected":false},"excerpt":{"rendered":"<p><span style=\"font-family: times new roman,times,serif; font-size: 12pt;\">Endpreis zzgl. Versandkosten<\/span><\/p>\n<p><span style=\"font-family: 'times new roman', times, serif; font-size: 12pt;\">Preis\/Liter: 12,00 \u20ac<\/span><\/p>\n<p>&nbsp;<\/p>\n","protected":false},"featured_media":3226,"comment_status":"closed","ping_status":"closed","template":"","meta":{"ngg_post_thumbnail":0},"product_brand":[],"product_cat":[23,26],"product_tag":[],"class_list":{"0":"post-467","1":"product","2":"type-product","3":"status-publish","4":"has-post-thumbnail","6":"product_cat-rotwein","7":"product_cat-trocken","9":"first","10":"instock","11":"shipping-taxable","12":"purchasable","13":"product-type-simple"},"_links":{"self":[{"href":"https:\/\/www.weinhandel-blum.de\/whb\/index.php\/wp-json\/wp\/v2\/product\/467","targetHints":{"allow":["GET"]}}],"collection":[{"href":"https:\/\/www.weinhandel-blum.de\/whb\/index.php\/wp-json\/wp\/v2\/product"}],"about":[{"href":"https:\/\/www.weinhandel-blum.de\/whb\/index.php\/wp-json\/wp\/v2\/types\/product"}],"replies":[{"embeddable":true,"href":"https:\/\/www.weinhandel-blum.de\/whb\/index.php\/wp-json\/wp\/v2\/comments?post=467"}],"wp:featuredmedia":[{"embeddable":true,"href":"https:\/\/www.weinhandel-blum.de\/whb\/index.php\/wp-json\/wp\/v2\/media\/3226"}],"wp:attachment":[{"href":"https:\/\/www.weinhandel-blum.de\/whb\/index.php\/wp-json\/wp\/v2\/media?parent=467"}],"wp:term":[{"taxonomy":"product_brand","embeddable":true,"href":"https:\/\/www.weinhandel-blum.de\/whb\/index.php\/wp-json\/wp\/v2\/product_brand?post=467"},{"taxonomy":"product_cat","embeddable":true,"href":"https:\/\/www.weinhandel-blum.de\/whb\/index.php\/wp-json\/wp\/v2\/product_cat?post=467"},{"taxonomy":"product_tag","embeddable":true,"href":"https:\/\/www.weinhandel-blum.de\/whb\/index.php\/wp-json\/wp\/v2\/product_tag?post=467"}],"curies":[{"name":"wp","href":"https:\/\/api.w.org\/{rel}","templated":true}]}}