{"id":460,"date":"2012-11-12T13:33:34","date_gmt":"2012-11-12T12:33:34","guid":{"rendered":"http:\/\/www.hans-schachtner.de\/wp-blum\/?post_type=product&#038;p=460"},"modified":"2026-05-02T08:50:39","modified_gmt":"2026-05-02T06:50:39","slug":"shiraz-am-see","status":"publish","type":"product","link":"https:\/\/www.weinhandel-blum.de\/whb\/index.php\/Produkt\/shiraz-am-see\/","title":{"rendered":"Shiraz Schilf&#038;Sand"},"content":{"rendered":"<p>&nbsp;<\/p>\n<table style=\"width: 98%;\" border=\"0\" cellspacing=\"0\" cellpadding=\"0\">\n<tbody>\n<tr>\n<td valign=\"top\" width=\"120\"><span style=\"font-family: 'times new roman',times; font-size: 12pt;\"><strong>Wein:<\/strong><\/span><\/td>\n<td valign=\"top\" width=\"494\"><span style=\"font-family: 'times new roman',times; font-size: 12pt;\">Shiraz Schilf &amp; Sand, trocken<\/span><\/td>\n<\/tr>\n<tr>\n<td valign=\"top\" width=\"120\"><span style=\"font-family: 'times new roman',times; font-size: 12pt;\"><strong> Jahrgang:<\/strong><\/span><\/td>\n<td valign=\"top\" width=\"494\"><span style=\"font-family: 'times new roman',times; font-size: 12pt;\">2022<\/span><\/td>\n<\/tr>\n<tr>\n<td valign=\"top\" width=\"120\"><span style=\"font-family: 'times new roman',times; font-size: 12pt;\"><strong>Alkohol:<\/strong><\/span><\/td>\n<td valign=\"top\" width=\"494\"><span style=\"font-family: 'times new roman',times; font-size: 12pt;\">14,0 %Vol<\/span><\/td>\n<\/tr>\n<tr>\n<td valign=\"top\" width=\"120\"><span style=\"font-family: 'times new roman',times; font-size: 12pt;\"><strong> S\u00e4ure:<\/strong><\/span><\/td>\n<td valign=\"top\" width=\"494\"><span style=\"font-family: 'times new roman',times; font-size: 12pt;\">4,6 \u2030<\/span><\/td>\n<\/tr>\n<tr>\n<td valign=\"top\" width=\"120\"><span style=\"font-family: 'times new roman',times; font-size: 12pt;\"><strong> Restzucker:<\/strong><\/span><\/td>\n<td valign=\"top\" width=\"494\"><span style=\"font-family: 'times new roman',times; font-size: 12pt;\">1,0 g\/l<\/span><\/td>\n<\/tr>\n<tr>\n<td valign=\"top\" width=\"120\"><span style=\"font-family: 'times new roman',times; font-size: 12pt;\"><strong>Flaschengr\u00f6\u00dfe:<\/strong><\/span><\/td>\n<td valign=\"top\" width=\"494\"><span style=\"font-family: 'times new roman',times; font-size: 12pt;\">0,75 ltr.<\/span><\/td>\n<\/tr>\n<tr>\n<td valign=\"top\" width=\"120\"><span style=\"font-size: 12pt;\">&nbsp;<\/span><\/td>\n<td valign=\"top\" width=\"494\"><span style=\"font-size: 12pt;\">&nbsp;<\/span><\/td>\n<\/tr>\n<tr>\n<td valign=\"top\" width=\"120\"><span style=\"font-family: 'times new roman',times,serif; font-size: 12pt;\"><strong>Beschreibung:<\/strong><\/span><\/td>\n<td valign=\"top\" width=\"494\">Die Shiraz-Reben wachsen in direkter Lage am Seeufer. Feine Raucharomen und einen Hauch von Vanille und dunklen Beeren. Elegantes Rubinviolett.<\/td>\n<\/tr>\n<tr>\n<td valign=\"top\" width=\"120\"><span style=\"font-family: 'times new roman',times,serif; font-size: 12pt;\">&nbsp;<\/span><\/td>\n<td valign=\"top\" width=\"494\"><span style=\"font-family: 'times new roman',times,serif; font-size: 12pt;\">&nbsp;<\/span><\/td>\n<\/tr>\n<tr>\n<td valign=\"top\" width=\"120\"><span style=\"font-family: 'times new roman',times,serif; font-size: 12pt;\"><strong>Speisen:<\/strong><\/span><\/td>\n<td valign=\"top\" width=\"494\">Der&nbsp;<strong>Salzl SHIRAZ Schilf &amp; Sand<\/strong>&nbsp;empfiehlt sich zu Schmorgerichten mit anger\u00f6steten milden und leicht zur S\u00fc\u00dfe tendierenden Gem\u00fcsen wie Zwiebeln, Knoblauch und Karotten. Zu Gerichten, die mit Kr\u00e4utern gew\u00fcrzt werden. Gerichte, welche sehr salzig oder mit Butter-Sahne So\u00dfen zubereitet werden, meiden weil diese dann den Alkohol scharf schmecken lassen.<\/td>\n<\/tr>\n<tr>\n<td valign=\"top\" width=\"120\"><span style=\"font-family: 'times new roman',times,serif; font-size: 12pt;\">&nbsp;<\/span><\/td>\n<td valign=\"top\" width=\"494\"><span style=\"font-family: 'times new roman',times,serif; font-size: 12pt;\">&nbsp;<\/span><\/td>\n<\/tr>\n<tr>\n<td valign=\"top\" width=\"120\"><span style=\"font-family: 'times new roman',times,serif; font-size: 12pt;\"><strong>Hinweis f\u00fcr Allergiker:&nbsp;<\/strong><\/span><\/td>\n<td valign=\"top\" width=\"494\"><span style=\"font-family: 'times new roman',times,serif; font-size: 12pt;\">enth\u00e4lt Sulfite (Erzeuger: Weingut Rudolf Salzl, Illmitz)<\/span><\/td>\n<\/tr>\n<\/tbody>\n<\/table>\n","protected":false},"excerpt":{"rendered":"<p><span style=\"font-family: times new roman,times,serif; font-size: 12pt;\">Endpreis zzgl. Versandkosten<\/span><\/p>\n<p><span style=\"font-family: 'times new roman', times, serif; font-size: 12pt;\">Preis\/Liter: 14,67 \u20ac<\/span><\/p>\n<p>&nbsp;<\/p>\n","protected":false},"featured_media":3233,"comment_status":"closed","ping_status":"closed","template":"","meta":{"ngg_post_thumbnail":0},"product_brand":[],"product_cat":[23,26],"product_tag":[],"class_list":{"0":"post-460","1":"product","2":"type-product","3":"status-publish","4":"has-post-thumbnail","6":"product_cat-rotwein","7":"product_cat-trocken","9":"first","10":"instock","11":"shipping-taxable","12":"purchasable","13":"product-type-simple"},"_links":{"self":[{"href":"https:\/\/www.weinhandel-blum.de\/whb\/index.php\/wp-json\/wp\/v2\/product\/460","targetHints":{"allow":["GET"]}}],"collection":[{"href":"https:\/\/www.weinhandel-blum.de\/whb\/index.php\/wp-json\/wp\/v2\/product"}],"about":[{"href":"https:\/\/www.weinhandel-blum.de\/whb\/index.php\/wp-json\/wp\/v2\/types\/product"}],"replies":[{"embeddable":true,"href":"https:\/\/www.weinhandel-blum.de\/whb\/index.php\/wp-json\/wp\/v2\/comments?post=460"}],"wp:featuredmedia":[{"embeddable":true,"href":"https:\/\/www.weinhandel-blum.de\/whb\/index.php\/wp-json\/wp\/v2\/media\/3233"}],"wp:attachment":[{"href":"https:\/\/www.weinhandel-blum.de\/whb\/index.php\/wp-json\/wp\/v2\/media?parent=460"}],"wp:term":[{"taxonomy":"product_brand","embeddable":true,"href":"https:\/\/www.weinhandel-blum.de\/whb\/index.php\/wp-json\/wp\/v2\/product_brand?post=460"},{"taxonomy":"product_cat","embeddable":true,"href":"https:\/\/www.weinhandel-blum.de\/whb\/index.php\/wp-json\/wp\/v2\/product_cat?post=460"},{"taxonomy":"product_tag","embeddable":true,"href":"https:\/\/www.weinhandel-blum.de\/whb\/index.php\/wp-json\/wp\/v2\/product_tag?post=460"}],"curies":[{"name":"wp","href":"https:\/\/api.w.org\/{rel}","templated":true}]}}