{"id":133,"date":"2012-10-23T09:00:32","date_gmt":"2012-10-23T07:00:32","guid":{"rendered":"http:\/\/localhost\/wp-blum\/?post_type=product&#038;p=133"},"modified":"2026-05-02T08:04:54","modified_gmt":"2026-05-02T06:04:54","slug":"gruner-veltliner","status":"publish","type":"product","link":"https:\/\/www.weinhandel-blum.de\/whb\/index.php\/Produkt\/gruner-veltliner\/","title":{"rendered":"Gr\u00fcner Veltliner (Messwein)"},"content":{"rendered":"<table style=\"width: 98%;\" border=\"0\" cellspacing=\"0\" cellpadding=\"0\">\n<tbody>\n<tr>\n<td valign=\"top\" width=\"120\"><span style=\"font-family: 'times new roman',times; font-size: 12pt;\"><strong>Wein:<\/strong><\/span><\/td>\n<td valign=\"top\" width=\"494\"><span style=\"font-family: 'times new roman',times; font-size: 12pt;\">Gr\u00fcner Veltliner (Messwein) , trocken<\/span><\/td>\n<\/tr>\n<tr>\n<td valign=\"top\" width=\"120\"><span style=\"font-family: 'times new roman',times; font-size: 12pt;\"><strong>Jahrgang:<\/strong><\/span><\/td>\n<td valign=\"top\" width=\"494\"><span style=\"font-family: 'times new roman',times; font-size: 12pt;\">2024+2025<\/span><\/td>\n<\/tr>\n<tr>\n<td valign=\"top\" width=\"120\"><span style=\"font-family: 'times new roman',times; font-size: 12pt;\"><strong>Alkohol:<\/strong><\/span><\/td>\n<td valign=\"top\" width=\"494\"><span style=\"font-family: 'times new roman',times; font-size: 12pt;\">12,0 %Vol<\/span><\/td>\n<\/tr>\n<tr>\n<td valign=\"top\" width=\"120\"><span style=\"font-family: 'times new roman',times; font-size: 12pt;\"><strong> S\u00e4ure:<\/strong><\/span><\/td>\n<td valign=\"top\" width=\"494\"><span style=\"font-family: 'times new roman',times; font-size: 12pt;\">5,9 \u2030<\/span><\/td>\n<\/tr>\n<tr>\n<td valign=\"top\" width=\"120\"><span style=\"font-family: 'times new roman',times; font-size: 12pt;\"><strong> Restzucker:<\/strong><\/span><\/td>\n<td valign=\"top\" width=\"494\"><span style=\"font-family: 'times new roman',times; font-size: 12pt;\">1,0 g\/l<\/span><\/td>\n<\/tr>\n<tr>\n<td valign=\"top\" width=\"120\"><span style=\"font-family: 'times new roman',times; font-size: 12pt;\"><strong>Flaschengr\u00f6\u00dfe:<\/strong><\/span><\/td>\n<td valign=\"top\" width=\"494\"><span style=\"font-family: 'times new roman',times; font-size: 12pt;\">0,75 ltr.<\/span><\/td>\n<\/tr>\n<tr>\n<td valign=\"top\" width=\"120\"><span style=\"font-size: 12pt;\">&nbsp;<\/span><\/td>\n<td valign=\"top\" width=\"494\"><span style=\"font-size: 12pt;\">&nbsp;<\/span><\/td>\n<\/tr>\n<tr>\n<td valign=\"top\" width=\"120\"><span style=\"font-family: 'times new roman',times,serif; font-size: 12pt;\"><strong>Beschreibung:<\/strong><\/span><\/td>\n<td valign=\"top\" width=\"494\">Der&nbsp;<strong>Salzl Messwein (Gr\u00fcner Veltliner)<\/strong>&nbsp;ist ein s\u00e4urebetonter Wein mit pfeffrigem Bukett. Mit Genehmigung des bisch\u00f6flichen Ordinariats als Messwein gef\u00fcllt. Vom Weingarten \u00fcber die Traubenernte bis zum fertigen Wein halten wir uns strikt an das kirchliche Reinheitsgebot. Genie\u00dfen Sie die perfekte Balance aus Frische und Eleganz zu einem fairen Preis.<\/td>\n<\/tr>\n<tr>\n<td valign=\"top\" width=\"120\"><span style=\"font-family: 'times new roman',times,serif; font-size: 12pt;\">&nbsp;<\/span><\/td>\n<td valign=\"top\" width=\"494\"><span style=\"font-family: 'times new roman',times,serif; font-size: 12pt;\">&nbsp;<\/span><\/td>\n<\/tr>\n<tr>\n<td valign=\"top\" width=\"120\"><span style=\"font-family: 'times new roman',times,serif; font-size: 12pt;\"><strong>Speisen:<\/strong><\/span><\/td>\n<td valign=\"top\" width=\"494\">Der&nbsp;<strong>Salzl Messwein (Gr\u00fcner Veltliner)<\/strong>&nbsp;ist ein idealer Begleiter zu Fischgerichten und hellem Gefl\u00fcgel auch f\u00fcr cremige Suppen und Salate sofern diese nicht zu s\u00fc\u00df abgeschmeckt sind. Auch zum \u00f6sterreichischen Tafelspitz geh\u00f6rt ein Gr\u00fcner Veltliner.<\/td>\n<\/tr>\n<tr>\n<td valign=\"top\" width=\"120\"><span style=\"font-family: 'times new roman',times,serif; font-size: 12pt;\">&nbsp;<\/span><\/td>\n<td valign=\"top\" width=\"494\"><span style=\"font-family: 'times new roman',times,serif; font-size: 12pt;\">&nbsp;<\/span><\/td>\n<\/tr>\n<tr>\n<td valign=\"top\" width=\"120\"><span style=\"font-family: 'times new roman',times,serif; font-size: 12pt;\"><strong>Hinweis f\u00fcr Allergiker:&nbsp;<\/strong><\/span><\/td>\n<td valign=\"top\" width=\"494\"><span style=\"font-family: 'times new roman',times,serif; font-size: 12pt;\">enth\u00e4lt Sulfite (Erzeuger: Weingut Rudolf Salzl, Illmitz)<\/span><\/td>\n<\/tr>\n<\/tbody>\n<\/table>\n<p>&nbsp;<\/p>\n<table class=\"nutrient-table\" style=\"height: 190px;\" width=\"689\">\n<thead>\n<tr>\n<th class=\"nutrient-name\" style=\"text-align: left;\" scope=\"col\">N\u00e4hrwertangaben<\/th>\n<th class=\"nutrient-value\" style=\"text-align: left;\" scope=\"col\">je 100&nbsp;ml<\/th>\n<\/tr>\n<\/thead>\n<tbody>\n<tr>\n<td class=\"nutrient-name\">Brennwert<\/td>\n<td class=\"nutrient-value\">304 kJ<br \/>\n73 kcal<\/td>\n<\/tr>\n<tr>\n<td class=\"nutrient-name\">Kohlenhydrate<\/td>\n<td class=\"nutrient-value\">0,9 g<\/td>\n<\/tr>\n<tr>\n<td class=\"nutrient-name italic\">davon Zucker<\/td>\n<td class=\"nutrient-value\">0,1 g<\/td>\n<\/tr>\n<tr>\n<td class=\"nutrient-name\" colspan=\"2\">\n<div class=\"pr-2\">Enth\u00e4lt geringf\u00fcgige Mengen von Fett, ges\u00e4ttigten Fetts\u00e4uren, Eiwei\u00df und Salz.<\/div>\n<\/td>\n<\/tr>\n<\/tbody>\n<\/table>\n<p>&nbsp;<\/p>\n<table class=\"nutrient-table\" style=\"height: 61px;\" width=\"690\">\n<thead>\n<tr>\n<th class=\"nutrient-name\" style=\"text-align: left;\" scope=\"col\">Inhaltsstoffe<\/th>\n<\/tr>\n<\/thead>\n<tbody>\n<tr>\n<td class=\"nutrient-name\">Zutaten: Trauben;&nbsp;Stabilisatoren: Carboxymethylcellulose;&nbsp;Antioxidationsmittel:&nbsp;Schwefeldioxid<\/td>\n<\/tr>\n<\/tbody>\n<\/table>\n<p><strong>Weingut Christa &amp; Ing. Rudi Salzl, Angergasse 22, 7142 Illmitz, \u00d6sterreich<\/strong><\/p>\n","protected":false},"excerpt":{"rendered":"<p><span style=\"font-family: times new roman,times,serif; font-size: 12pt;\">Endpreis zzgl. Versandkosten<\/span><\/p>\n<p><span style=\"font-family: 'times new roman', times, serif; font-size: 12pt;\">Preis\/Liter: 8,67 \u20ac<\/span><\/p>\n<p>&nbsp;<\/p>\n","protected":false},"featured_media":3143,"comment_status":"closed","ping_status":"closed","template":"","meta":{"ngg_post_thumbnail":0},"product_brand":[],"product_cat":[37,26,19],"product_tag":[],"class_list":{"0":"post-133","1":"product","2":"type-product","3":"status-publish","4":"has-post-thumbnail","6":"product_cat-messwein","7":"product_cat-trocken","8":"product_cat-weissweine","10":"first","11":"instock","12":"shipping-taxable","13":"purchasable","14":"product-type-simple"},"_links":{"self":[{"href":"https:\/\/www.weinhandel-blum.de\/whb\/index.php\/wp-json\/wp\/v2\/product\/133","targetHints":{"allow":["GET"]}}],"collection":[{"href":"https:\/\/www.weinhandel-blum.de\/whb\/index.php\/wp-json\/wp\/v2\/product"}],"about":[{"href":"https:\/\/www.weinhandel-blum.de\/whb\/index.php\/wp-json\/wp\/v2\/types\/product"}],"replies":[{"embeddable":true,"href":"https:\/\/www.weinhandel-blum.de\/whb\/index.php\/wp-json\/wp\/v2\/comments?post=133"}],"wp:featuredmedia":[{"embeddable":true,"href":"https:\/\/www.weinhandel-blum.de\/whb\/index.php\/wp-json\/wp\/v2\/media\/3143"}],"wp:attachment":[{"href":"https:\/\/www.weinhandel-blum.de\/whb\/index.php\/wp-json\/wp\/v2\/media?parent=133"}],"wp:term":[{"taxonomy":"product_brand","embeddable":true,"href":"https:\/\/www.weinhandel-blum.de\/whb\/index.php\/wp-json\/wp\/v2\/product_brand?post=133"},{"taxonomy":"product_cat","embeddable":true,"href":"https:\/\/www.weinhandel-blum.de\/whb\/index.php\/wp-json\/wp\/v2\/product_cat?post=133"},{"taxonomy":"product_tag","embeddable":true,"href":"https:\/\/www.weinhandel-blum.de\/whb\/index.php\/wp-json\/wp\/v2\/product_tag?post=133"}],"curies":[{"name":"wp","href":"https:\/\/api.w.org\/{rel}","templated":true}]}}