{"id":130,"date":"2012-10-23T08:38:46","date_gmt":"2012-10-23T06:38:46","guid":{"rendered":"http:\/\/localhost\/wp-blum\/?post_type=product&#038;p=130"},"modified":"2026-05-02T08:52:10","modified_gmt":"2026-05-02T06:52:10","slug":"jungstar","status":"publish","type":"product","link":"https:\/\/www.weinhandel-blum.de\/whb\/index.php\/Produkt\/jungstar\/","title":{"rendered":"Four Seasons"},"content":{"rendered":"<p>&nbsp;<\/p>\n<table style=\"width: 1327px; height: 337px;\" border=\"0\" cellspacing=\"0\" cellpadding=\"0\">\n<tbody>\n<tr>\n<td valign=\"top\" width=\"120\"><span style=\"font-family: 'times new roman',times; font-size: 12pt;\"><strong>Wein:<\/strong><\/span><\/td>\n<td valign=\"top\" width=\"494\"><span style=\"font-family: 'times new roman',times; font-size: 12pt;\">Four Seasons , trocken<\/span><\/td>\n<\/tr>\n<tr>\n<td valign=\"top\" width=\"120\"><span style=\"font-family: 'times new roman',times; font-size: 12pt;\"><strong>Jahrgang<\/strong><\/span><\/td>\n<td valign=\"top\" width=\"494\"><span style=\"font-family: 'times new roman',times; font-size: 12pt;\">2025<\/span><\/td>\n<\/tr>\n<tr>\n<td valign=\"top\" width=\"120\"><span style=\"font-family: 'times new roman',times; font-size: 12pt;\"><strong>Alkohol:<\/strong><\/span><\/td>\n<td valign=\"top\" width=\"494\"><span style=\"font-family: 'times new roman',times; font-size: 12pt;\">12,0&nbsp; %Vol<\/span><\/td>\n<\/tr>\n<tr>\n<td valign=\"top\" width=\"120\"><span style=\"font-family: 'times new roman',times; font-size: 12pt;\"><strong>S\u00e4ure:<\/strong><\/span><\/td>\n<td valign=\"top\" width=\"494\"><span style=\"font-family: 'times new roman',times; font-size: 12pt;\">6,8&nbsp; \u2030<\/span><\/td>\n<\/tr>\n<tr>\n<td valign=\"top\" width=\"120\"><span style=\"font-family: 'times new roman',times; font-size: 12pt;\"><strong>Restzucker:<\/strong><\/span><\/td>\n<td valign=\"top\" width=\"494\"><span style=\"font-family: 'times new roman',times; font-size: 12pt;\"><span style=\"font-family: times new roman,times,serif;\">3,2<\/span>&nbsp; g\/l<\/span><\/td>\n<\/tr>\n<tr>\n<td valign=\"top\" width=\"120\"><span style=\"font-family: 'times new roman',times; font-size: 12pt;\"><strong>Flaschengr\u00f6\u00dfe:<\/strong><\/span><\/td>\n<td valign=\"top\" width=\"494\"><span style=\"font-family: 'times new roman',times; font-size: 12pt;\">0,75 ltr.<\/span><\/td>\n<\/tr>\n<tr>\n<td valign=\"top\" width=\"120\"><span style=\"font-size: 12pt;\">&nbsp;<\/span><\/td>\n<td valign=\"top\" width=\"494\"><span style=\"font-size: 12pt;\">&nbsp;<\/span><\/td>\n<\/tr>\n<tr>\n<td valign=\"top\" width=\"120\"><span style=\"font-family: 'times new roman',times,serif; font-size: 12pt;\"><strong>Beschreibung:<\/strong><\/span><\/td>\n<td valign=\"top\" width=\"494\"><span style=\"font-family: 'times new roman',times,serif; font-size: 12pt;\">Aus den Sorten Neuburger und Bouvier wurde hier ein intensiv duftender und fruchtig schmeckender Wein gekeltert. <\/span><span style=\"font-family: 'times new roman',times,serif; font-size: 12pt;\">Feines Aroma nach Williamsbirne und Grapefruit.<\/span><\/td>\n<\/tr>\n<tr>\n<td valign=\"top\" width=\"120\">&nbsp;<\/td>\n<td valign=\"top\" width=\"494\">&nbsp;<\/td>\n<\/tr>\n<tr>\n<td valign=\"top\" width=\"120\"><span style=\"font-family: 'times new roman',times,serif; font-size: 12pt;\"><strong>Speisen:<\/strong><\/span><\/td>\n<td valign=\"top\" width=\"494\"><span style=\"font-family: 'times new roman',times,serif; font-size: 12pt;\">Idealer Begleiter zu leichten Speisen, zu hellem Fleisch und Gefl\u00fcgel auch f\u00fcr cremige Suppen und Salate. Sehr gut auch zu diversen Nudelgerichten.<\/span><\/td>\n<\/tr>\n<tr>\n<td valign=\"top\" width=\"120\"><span style=\"font-family: 'times new roman',times,serif; font-size: 12pt;\">&nbsp;<\/span><\/td>\n<td valign=\"top\" width=\"494\"><span style=\"font-family: 'times new roman',times,serif; font-size: 12pt;\">&nbsp;<\/span><\/td>\n<\/tr>\n<tr>\n<td valign=\"top\" width=\"120\"><span style=\"font-family: 'times new roman',times,serif; font-size: 12pt;\"><strong>Hinweis f\u00fcr Allergiker:&nbsp;<\/strong><\/span><\/td>\n<td valign=\"top\" width=\"494\"><span style=\"font-family: 'times new roman',times,serif; font-size: 12pt;\">enth\u00e4lt Sulfite (Erzeuger: Weingut Rudolf Salzl, Illmitz)&nbsp;&nbsp;<\/span><\/td>\n<\/tr>\n<\/tbody>\n<\/table>\n<div class=\"space-y-3 px-0 py-4 bg\">\n<p>&nbsp;<\/p>\n<table class=\"nutrient-table\" style=\"height: 173px;\" width=\"705\">\n<thead>\n<tr>\n<th class=\"nutrient-name\" style=\"text-align: left;\" scope=\"col\">N\u00e4hrwertangaben<\/th>\n<th class=\"nutrient-value\" style=\"text-align: left;\" scope=\"col\">je 100&nbsp;ml<\/th>\n<\/tr>\n<\/thead>\n<tbody>\n<tr>\n<td class=\"nutrient-name\">Brennwert<\/td>\n<td class=\"nutrient-value\">306 kJ<br \/>\n73 kcal<\/td>\n<\/tr>\n<tr>\n<td class=\"nutrient-name\">Kohlenhydrate<\/td>\n<td class=\"nutrient-value\">1,1 g<\/td>\n<\/tr>\n<tr>\n<td class=\"nutrient-name italic\">davon Zucker<\/td>\n<td class=\"nutrient-value\">0,3 g<\/td>\n<\/tr>\n<tr>\n<td class=\"nutrient-name\" colspan=\"2\">\n<div class=\"pr-2\">Enth\u00e4lt geringf\u00fcgige Mengen von Fett, ges\u00e4ttigten Fetts\u00e4uren, Eiwei\u00df und Salz.<\/div>\n<\/td>\n<\/tr>\n<\/tbody>\n<\/table>\n<p>&nbsp;<\/p>\n<table class=\"nutrient-table\">\n<thead>\n<tr>\n<th class=\"nutrient-name\" style=\"text-align: left;\" scope=\"col\">Inhaltsstoffe<\/th>\n<\/tr>\n<\/thead>\n<tbody>\n<tr>\n<td class=\"nutrient-name\">Zutaten: Trauben;&nbsp;Stabilisatoren: Carboxymethylcellulose;&nbsp;Antioxidationsmittel:&nbsp;Schwefeldioxid<\/td>\n<\/tr>\n<\/tbody>\n<\/table>\n<\/div>\n<div class=\"space-y-3 mt-8 mb-6\">\n<div>&nbsp;<\/div>\n<div class=\"text-xs font-bold text-neutral-800 text-center\"><strong>Weingut Christa &amp; Ing. Rudi Salzl, Angergasse 22, 7142 Illmitz, \u00d6sterreich<\/strong><\/div>\n<\/div>\n<p>&nbsp;<\/p>\n","protected":false},"excerpt":{"rendered":"<p>&nbsp;<\/p>\n<p><span style=\"font-family: times new roman,times,serif; font-size: 14pt;\">Preis\/Liter: 8,67 \u20ac<\/span><\/p>\n<p><span style=\"font-family: times new roman,times,serif; font-size: 14pt;\">Endpreis zzgl. Versandkosten<\/span><\/p>\n<p>&nbsp;<\/p>\n","protected":false},"featured_media":4169,"comment_status":"closed","ping_status":"closed","template":"","meta":{"ngg_post_thumbnail":0},"product_brand":[],"product_cat":[26,19],"product_tag":[],"class_list":{"0":"post-130","1":"product","2":"type-product","3":"status-publish","4":"has-post-thumbnail","6":"product_cat-trocken","7":"product_cat-weissweine","9":"first","10":"instock","11":"shipping-taxable","12":"purchasable","13":"product-type-simple"},"_links":{"self":[{"href":"https:\/\/www.weinhandel-blum.de\/whb\/index.php\/wp-json\/wp\/v2\/product\/130","targetHints":{"allow":["GET"]}}],"collection":[{"href":"https:\/\/www.weinhandel-blum.de\/whb\/index.php\/wp-json\/wp\/v2\/product"}],"about":[{"href":"https:\/\/www.weinhandel-blum.de\/whb\/index.php\/wp-json\/wp\/v2\/types\/product"}],"replies":[{"embeddable":true,"href":"https:\/\/www.weinhandel-blum.de\/whb\/index.php\/wp-json\/wp\/v2\/comments?post=130"}],"wp:featuredmedia":[{"embeddable":true,"href":"https:\/\/www.weinhandel-blum.de\/whb\/index.php\/wp-json\/wp\/v2\/media\/4169"}],"wp:attachment":[{"href":"https:\/\/www.weinhandel-blum.de\/whb\/index.php\/wp-json\/wp\/v2\/media?parent=130"}],"wp:term":[{"taxonomy":"product_brand","embeddable":true,"href":"https:\/\/www.weinhandel-blum.de\/whb\/index.php\/wp-json\/wp\/v2\/product_brand?post=130"},{"taxonomy":"product_cat","embeddable":true,"href":"https:\/\/www.weinhandel-blum.de\/whb\/index.php\/wp-json\/wp\/v2\/product_cat?post=130"},{"taxonomy":"product_tag","embeddable":true,"href":"https:\/\/www.weinhandel-blum.de\/whb\/index.php\/wp-json\/wp\/v2\/product_tag?post=130"}],"curies":[{"name":"wp","href":"https:\/\/api.w.org\/{rel}","templated":true}]}}