{"id":84,"date":"2012-10-22T10:18:49","date_gmt":"2012-10-22T08:18:49","guid":{"rendered":"http:\/\/localhost\/wp-blum\/?page_id=84"},"modified":"2022-11-16T18:46:06","modified_gmt":"2022-11-16T17:46:06","slug":"auszeichnungen-2011","status":"publish","type":"page","link":"https:\/\/www.weinhandel-blum.de\/whb\/index.php\/weingut-salzl\/auszeichnungen-2011\/","title":{"rendered":"Auszeichnungen 2011"},"content":{"rendered":"<h3 align=\"center\">&nbsp;<\/h3>\n<div align=\"center\">\n<table style=\"width: 75%;\" border=\"1\">\n<tbody>\n<tr>\n<td width=\"203\" height=\"25\" align=\"left\"><span style=\"font-family: 'times new roman', times; font-size: 14px;\">Am Punkt<\/span><\/td>\n<td width=\"118\" height=\"25\" align=\"left\"><span style=\"font-family: 'times new roman', times; font-size: 14px;\">Jahrgang 2009<\/span><\/td>\n<td height=\"25\" align=\"left\"><span style=\"font-family: 'times new roman', times; font-size: 14px;\">GOLD<\/span><\/td>\n<\/tr>\n<tr>\n<td width=\"203\" height=\"25\" align=\"left\"><span style=\"font-family: 'times new roman', times; font-size: 14px;\">Rosecco<\/span><\/td>\n<td width=\"118\" height=\"25\" align=\"left\"><span style=\"font-family: 'times new roman', times; font-size: 14px;\">Jahrgang 2010<\/span><\/td>\n<td height=\"25\" align=\"left\"><span style=\"font-family: 'times new roman', times; font-size: 14px;\">GOLD<\/span><\/td>\n<\/tr>\n<tr>\n<td width=\"203\" height=\"25\" align=\"left\"><span style=\"font-family: 'times new roman', times; font-size: 14px;\">Traminer Sp\u00e4tlese<\/span><\/td>\n<td width=\"118\" height=\"25\" align=\"left\"><span style=\"font-family: 'times new roman', times; font-size: 14px;\">Jahrgang 2009<\/span><\/td>\n<td height=\"25\" align=\"left\"><span style=\"font-family: 'times new roman', times; font-size: 14px;\">GOLD<\/span><\/td>\n<\/tr>\n<tr>\n<td width=\"203\" height=\"25\" align=\"left\"><span style=\"font-family: 'times new roman', times; font-size: 14px;\">Pinot Gris Auslese<\/span><\/td>\n<td width=\"118\" height=\"25\" align=\"left\"><span style=\"font-family: 'times new roman', times; font-size: 14px;\">Jahrgang 2009<\/span><\/td>\n<td height=\"25\" align=\"left\"><span style=\"font-family: 'times new roman', times; font-size: 14px;\">SILBER<\/span><\/td>\n<\/tr>\n<tr>\n<td width=\"203\" height=\"25\" align=\"left\"><span style=\"font-family: 'times new roman', times; font-size: 14px;\">Bapteme<\/span><\/td>\n<td width=\"118\" height=\"25\" align=\"left\"><span style=\"font-family: 'times new roman', times; font-size: 14px;\">Jahrgang 2008<\/span><\/td>\n<td height=\"25\" align=\"left\"><span style=\"font-family: 'times new roman', times; font-size: 14px;\">SILBER<\/span><\/td>\n<\/tr>\n<tr>\n<td width=\"203\" height=\"25\" align=\"left\"><span style=\"font-family: 'times new roman', times; font-size: 14px;\">Blauer Burgunder<\/span><\/td>\n<td width=\"118\" height=\"25\" align=\"left\"><span style=\"font-family: 'times new roman', times; font-size: 14px;\">Jahrgang 2009<\/span><\/td>\n<td height=\"25\" align=\"left\"><span style=\"font-family: 'times new roman', times; font-size: 14px;\">SILBER<\/span><\/td>\n<\/tr>\n<tr>\n<td width=\"203\" height=\"25\" align=\"left\"><span style=\"font-family: 'times new roman', times; font-size: 14px;\">Sauvignon Blanc Homok<\/span><\/td>\n<td width=\"118\" height=\"25\" align=\"left\"><span style=\"font-family: 'times new roman', times; font-size: 14px;\">Jahrgang 2010<\/span><\/td>\n<td height=\"25\" align=\"left\"><span style=\"font-family: 'times new roman', times; font-size: 14px;\">SILBER<\/span><\/td>\n<\/tr>\n<tr>\n<td width=\"203\" height=\"25\" align=\"left\"><span style=\"font-family: 'times new roman', times; font-size: 14px;\">Chardonnay<\/span><\/td>\n<td width=\"118\" height=\"25\" align=\"left\"><span style=\"font-family: 'times new roman', times; font-size: 14px;\">Jahrgang 2010<\/span><\/td>\n<td height=\"25\" align=\"left\"><span style=\"font-family: 'times new roman', times; font-size: 14px;\">SILBER<\/span><\/td>\n<\/tr>\n<tr>\n<td width=\"203\" height=\"26\" align=\"left\"><span style=\"font-family: 'times new roman', times; font-size: 14px;\">Merlot Kaiserwinkel<\/span><\/td>\n<td width=\"118\" height=\"26\" align=\"left\"><span style=\"font-family: 'times new roman', times; font-size: 14px;\">Jahrgang 2009<\/span><\/td>\n<td height=\"26\" align=\"left\"><span style=\"font-family: 'times new roman', times; font-size: 14px;\">SILBER<\/span><\/td>\n<\/tr>\n<\/tbody>\n<\/table>\n<\/div>\n<p align=\"center\"><img loading=\"lazy\" decoding=\"async\" width=\"118\" height=\"167\" title=\"award11\" class=\"alignnone wp-image-398 size-full\" alt=\"\" src=\"https:\/\/www.weinhandel-blum.de\/whb\/wp-content\/uploads\/2012\/10\/award11.png\">&nbsp;&nbsp;&nbsp; <img loading=\"lazy\" decoding=\"async\" width=\"315\" height=\"196\" title=\"awcgold11\" class=\"alignnone wp-image-400 size-full\" alt=\"\" src=\"https:\/\/www.weinhandel-blum.de\/whb\/wp-content\/uploads\/2012\/10\/awcgold11.png\" srcset=\"https:\/\/www.weinhandel-blum.de\/whb\/wp-content\/uploads\/2012\/10\/awcgold11.png 315w, https:\/\/www.weinhandel-blum.de\/whb\/wp-content\/uploads\/2012\/10\/awcgold11-300x186.png 300w\" sizes=\"auto, (max-width: 315px) 100vw, 315px\" \/><\/p>\n<h3 align=\"center\">Empfehlungen im Falstaff-Guide:<\/h3>\n<p align=\"center\"><img loading=\"lazy\" decoding=\"async\" width=\"197\" height=\"278\" title=\"falstaff_1_12\" class=\"alignnone wp-image-401 size-full\" alt=\"\" src=\"https:\/\/www.weinhandel-blum.de\/whb\/wp-content\/uploads\/2012\/10\/falstaff_1_12.png\">&nbsp;&nbsp;&nbsp; <img loading=\"lazy\" decoding=\"async\" width=\"137\" height=\"236\" title=\"falstaffguide12\" class=\"alignnone wp-image-402 size-full\" alt=\"\" src=\"https:\/\/www.weinhandel-blum.de\/whb\/wp-content\/uploads\/2012\/10\/falstaffguide12.png\"><\/p>\n<h5 align=\"left\"><span style=\"font-family: 'times new roman', times; font-size: 14px;\">Zweigelt 2010:<\/span><\/h5>\n<p align=\"left\"><span style=\"font-family: 'times new roman', times; font-size: 14px;\">13%, dunkles Rubingranat, violette Reflexe, dezenter Wasserrand. Zart bl\u00e4ttrig-w\u00fcrzig unterlegte Beerenfrucht, ein Hauch von D\u00f6rrobst und Zesten. Saftig, rund und elegant, trinkanimierendes S\u00e4urespiel, zitroniger Touch im Abgang, bereits gut trinkbar.<\/span><\/p>\n<h5 align=\"left\"><span style=\"font-family: 'times new roman', times; font-size: 14px;\">Bapteme 2009:<\/span><\/h5>\n<p align=\"left\"><span style=\"font-family: 'times new roman', times; font-size: 14px;\">13,5%, kr\u00e4ftiges Rubingranat, zarte violette Reflexe, breitere Randaufhellung. Frisches mit Orangen unterlegtes Kirschkonfit, feine florale Nuancen, zart nach reifen Weichseln. Mittlere Komplexit\u00e4t, zart bl\u00e4ttrig, frisch strukturiert, mineralischer Nachhall, ein unkomplizierter Speisebegleiter.<\/span><\/p>\n<h5 align=\"left\"><span style=\"font-family: 'times new roman', times; font-size: 14px;\">Merlot Kaiserwinkel 2009:<\/span><\/h5>\n<p align=\"left\"><span style=\"font-family: 'times new roman', times; font-size: 14px;\">13,5%, kr\u00e4ftiges Rubingranat, zarte violette Reflexe, breitere Randaufhellung. Feine Kr\u00e4uterw\u00fcrze, ein Hauch von D\u00f6rrzwetschgen, kandierte Orangenzesten, attraktives Bukett. Mittlere Komplexit\u00e4t, gut integrierte Tannine, zart nach D\u00f6rrfeigen, rotbeeriges Konfit im Abgang, bereits gut trinkbar.<\/span><\/p>\n<h5 align=\"left\"><span style=\"font-family: 'times new roman', times; font-size: 14px;\">Shiraz am See 2009:<\/span><\/h5>\n<p align=\"left\"><span style=\"font-family: 'times new roman', times; font-size: 14px;\">14%, dunkles Rubingranat, violette Reflexe, dezenter Wasserrand. Feine Kirschenfrucht, zart mit Weichseln unterlegt, dezenter tabakiger Hauch. Saftige dunkle Beerenfrucht, etws Nougat, feine Tannine, schokoladiger Nachhall, frisch und balanciert, reife Kirschen im R\u00fcckgeschmack.<\/span><\/p>\n","protected":false},"excerpt":{"rendered":"<p>&nbsp; Am Punkt Jahrgang 2009 GOLD Rosecco Jahrgang 2010 GOLD Traminer Sp\u00e4tlese Jahrgang 2009 GOLD Pinot Gris Auslese Jahrgang 2009 SILBER Bapteme Jahrgang 2008 SILBER Blauer Burgunder Jahrgang 2009 SILBER Sauvignon Blanc Homok Jahrgang 2010 SILBER Chardonnay Jahrgang 2010 SILBER Merlot Kaiserwinkel Jahrgang 2009 SILBER &nbsp;&nbsp;&nbsp; Empfehlungen im Falstaff-Guide: &nbsp;&nbsp;&nbsp; Zweigelt 2010: 13%, dunkles Rubingranat, [&hellip;]<\/p>\n","protected":false},"author":2,"featured_media":0,"parent":15,"menu_order":0,"comment_status":"closed","ping_status":"closed","template":"","meta":{"ngg_post_thumbnail":0,"footnotes":""},"class_list":["post-84","page","type-page","status-publish","hentry"],"_links":{"self":[{"href":"https:\/\/www.weinhandel-blum.de\/whb\/index.php\/wp-json\/wp\/v2\/pages\/84","targetHints":{"allow":["GET"]}}],"collection":[{"href":"https:\/\/www.weinhandel-blum.de\/whb\/index.php\/wp-json\/wp\/v2\/pages"}],"about":[{"href":"https:\/\/www.weinhandel-blum.de\/whb\/index.php\/wp-json\/wp\/v2\/types\/page"}],"author":[{"embeddable":true,"href":"https:\/\/www.weinhandel-blum.de\/whb\/index.php\/wp-json\/wp\/v2\/users\/2"}],"replies":[{"embeddable":true,"href":"https:\/\/www.weinhandel-blum.de\/whb\/index.php\/wp-json\/wp\/v2\/comments?post=84"}],"version-history":[{"count":5,"href":"https:\/\/www.weinhandel-blum.de\/whb\/index.php\/wp-json\/wp\/v2\/pages\/84\/revisions"}],"predecessor-version":[{"id":2437,"href":"https:\/\/www.weinhandel-blum.de\/whb\/index.php\/wp-json\/wp\/v2\/pages\/84\/revisions\/2437"}],"up":[{"embeddable":true,"href":"https:\/\/www.weinhandel-blum.de\/whb\/index.php\/wp-json\/wp\/v2\/pages\/15"}],"wp:attachment":[{"href":"https:\/\/www.weinhandel-blum.de\/whb\/index.php\/wp-json\/wp\/v2\/media?parent=84"}],"curies":[{"name":"wp","href":"https:\/\/api.w.org\/{rel}","templated":true}]}}