{"id":3810,"date":"2022-11-18T16:33:15","date_gmt":"2022-11-18T15:33:15","guid":{"rendered":"https:\/\/www.weinhandel-blum.de\/whb\/?page_id=3810"},"modified":"2022-11-18T16:37:44","modified_gmt":"2022-11-18T15:37:44","slug":"weinproben","status":"publish","type":"page","link":"https:\/\/www.weinhandel-blum.de\/whb\/index.php\/weinhandel-blum\/weinproben\/","title":{"rendered":"Weinprobe"},"content":{"rendered":"<h3 style=\"text-align: left;\"><span style=\"font-family: 'times new roman', times; color: #ff0000; font-size: 18px;\">Sie m\u00f6chten unsere Weine kennen lernen?<\/span><\/h3>\n<p style=\"text-align: left;\"><span style=\"font-family: 'times new roman', times; font-size: 14px;\">Kein Problem, f\u00fcr Gruppen bis zu 12 Personen f\u00fchren wir gerne auch Weinproben durch. <\/span><\/p>\n<p><span style=\"font-family: 'times new roman', times; font-size: 14px;\">Was m\u00fcssen Sie dazu tun?&nbsp;<\/span><\/p>\n<p><span style=\"font-family: 'times new roman', times; font-size: 14px;\">Nehmen Sie mit uns Kontakt auf, verwenden Sie am Besten dazu unser <a title=\"Kontakt\" href=\"https:\/\/www.weinhandel-blum.de\/whb\/?page_id=219\" target=\"_blank\" rel=\"noopener noreferrer\">Kontakt-Formular<\/a><br \/>\n<\/span><\/p>\n<p><span style=\"font-family: 'times new roman', times; font-size: 14px;\">oder<br \/>\n<\/span><\/p>\n<p><span style=\"font-family: 'times new roman', times; font-size: 14px;\">Sie rufen uns direkt an. (08531 &#8211; 323 678)<\/span><\/p>\n<p><span style=\"font-size: 14px;\">&nbsp;<\/span><\/p>\n<h2 style=\"text-align: center;\"><span style=\"font-family: times new roman,times; font-size: 14px;\"><strong>Wir freuen uns schon auf Sie.<\/strong><\/span><\/h2>\n<p style=\"text-align: center;\">ngg_shortcode_0_placeholder<\/p>\n","protected":false},"excerpt":{"rendered":"<p>Sie m\u00f6chten unsere Weine kennen lernen? Kein Problem, f\u00fcr Gruppen bis zu 12 Personen f\u00fchren wir gerne auch Weinproben durch. Was m\u00fcssen Sie dazu tun?&nbsp; Nehmen Sie mit uns Kontakt auf, verwenden Sie am Besten dazu unser Kontakt-Formular oder Sie rufen uns direkt an. (08531 &#8211; 323 678) &nbsp; Wir freuen uns schon auf Sie.<\/p>\n","protected":false},"author":2,"featured_media":0,"parent":7,"menu_order":0,"comment_status":"closed","ping_status":"closed","template":"","meta":{"ngg_post_thumbnail":0,"footnotes":""},"class_list":["post-3810","page","type-page","status-publish","hentry"],"_links":{"self":[{"href":"https:\/\/www.weinhandel-blum.de\/whb\/index.php\/wp-json\/wp\/v2\/pages\/3810","targetHints":{"allow":["GET"]}}],"collection":[{"href":"https:\/\/www.weinhandel-blum.de\/whb\/index.php\/wp-json\/wp\/v2\/pages"}],"about":[{"href":"https:\/\/www.weinhandel-blum.de\/whb\/index.php\/wp-json\/wp\/v2\/types\/page"}],"author":[{"embeddable":true,"href":"https:\/\/www.weinhandel-blum.de\/whb\/index.php\/wp-json\/wp\/v2\/users\/2"}],"replies":[{"embeddable":true,"href":"https:\/\/www.weinhandel-blum.de\/whb\/index.php\/wp-json\/wp\/v2\/comments?post=3810"}],"version-history":[{"count":4,"href":"https:\/\/www.weinhandel-blum.de\/whb\/index.php\/wp-json\/wp\/v2\/pages\/3810\/revisions"}],"predecessor-version":[{"id":3816,"href":"https:\/\/www.weinhandel-blum.de\/whb\/index.php\/wp-json\/wp\/v2\/pages\/3810\/revisions\/3816"}],"up":[{"embeddable":true,"href":"https:\/\/www.weinhandel-blum.de\/whb\/index.php\/wp-json\/wp\/v2\/pages\/7"}],"wp:attachment":[{"href":"https:\/\/www.weinhandel-blum.de\/whb\/index.php\/wp-json\/wp\/v2\/media?parent=3810"}],"curies":[{"name":"wp","href":"https:\/\/api.w.org\/{rel}","templated":true}]}}