{"id":15,"date":"2012-10-22T09:00:26","date_gmt":"2012-10-22T07:00:26","guid":{"rendered":"http:\/\/localhost\/wp-blum\/?page_id=15"},"modified":"2025-06-30T17:33:00","modified_gmt":"2025-06-30T15:33:00","slug":"weingut-salzl","status":"publish","type":"page","link":"https:\/\/www.weinhandel-blum.de\/whb\/index.php\/weingut-salzl\/","title":{"rendered":"Weingut  Salzl"},"content":{"rendered":"<p style=\"text-align: justify;\"><strong><span style=\"font-family: times new roman,times; font-size: 14pt;\">Der Familienbetrieb am Rande des Nationalparks Neusiedlersee-Seewinkel umfasst eine Fl\u00e4che von ca. 11 ha. Obwohl der Zwang zur Rationalisierung an den meisten Winzerbetrieben nicht vorbeigeht und vielerorts Gro\u00df- und Zentralkellereien erstellt werden, gibt es doch noch meist kleinere Weing\u00fcter, die nach althergebrachter Weise ihre Weine herstellen und reifen lassen.<\/span><\/strong><\/p>\n<p><strong><span style=\"font-family: times new roman,times; font-size: 14pt;\">Ein solcher Betrieb ist das <span style=\"font-size: 24pt; color: #ff0000;\"><a style=\"color: #ff0000;\" title=\"Weingut Salzl\" href=\"http:\/\/www.salzlwein.at\/\" target=\"_blank\" rel=\"noopener noreferrer\"><span style=\"font-size: 14pt;\">Weingut<\/span> <span style=\"font-size: 14pt;\">Salzl<\/span>.<\/a><\/span><\/span><\/strong><\/p>\n<p>&nbsp;<\/p>\n<p style=\"text-align: justify;\" align=\"justify\"><strong><span style=\"font-family: times new roman,times; font-size: 14pt;\">Bereits in der dritten Generation bringt dieser Betrieb durch gro\u00dfe Erfahrung und viel Liebe zum Wein edle Tropfen hervor (Siehe Auszeichnungen). Auch das Mikroklima, bedingt durch den Neusiedlersee, der dort vorherrschenden Thermik, und die sandigen B\u00f6den tragen ideal zur Reife und F\u00fclle des Weink\u00f6rpers bei.<\/span><\/strong><\/p>\n<p style=\"text-align: justify;\"><strong><span style=\"font-family: times new roman,times; font-size: 14pt;\">Weiter garantiert die N\u00e4he zum Naturschutzgebiet ein Minimum an gespritzter Chemie. So d\u00fcrfte jeder Weinfreund und&nbsp;selbst der kritische Weinkenner an den Weinen dieses Weingutes Geschmack finden.<\/span><\/strong><\/p>\n","protected":false},"excerpt":{"rendered":"<p>Der Familienbetrieb am Rande des Nationalparks Neusiedlersee-Seewinkel umfasst eine Fl\u00e4che von ca. 11 ha. Obwohl der Zwang zur Rationalisierung an den meisten Winzerbetrieben nicht vorbeigeht und vielerorts Gro\u00df- und Zentralkellereien erstellt werden, gibt es doch noch meist kleinere Weing\u00fcter, die nach althergebrachter Weise ihre Weine herstellen und reifen lassen. Ein solcher Betrieb ist das Weingut [&hellip;]<\/p>\n","protected":false},"author":2,"featured_media":0,"parent":0,"menu_order":2,"comment_status":"closed","ping_status":"closed","template":"","meta":{"ngg_post_thumbnail":0,"footnotes":""},"class_list":["post-15","page","type-page","status-publish","hentry"],"_links":{"self":[{"href":"https:\/\/www.weinhandel-blum.de\/whb\/index.php\/wp-json\/wp\/v2\/pages\/15","targetHints":{"allow":["GET"]}}],"collection":[{"href":"https:\/\/www.weinhandel-blum.de\/whb\/index.php\/wp-json\/wp\/v2\/pages"}],"about":[{"href":"https:\/\/www.weinhandel-blum.de\/whb\/index.php\/wp-json\/wp\/v2\/types\/page"}],"author":[{"embeddable":true,"href":"https:\/\/www.weinhandel-blum.de\/whb\/index.php\/wp-json\/wp\/v2\/users\/2"}],"replies":[{"embeddable":true,"href":"https:\/\/www.weinhandel-blum.de\/whb\/index.php\/wp-json\/wp\/v2\/comments?post=15"}],"version-history":[{"count":18,"href":"https:\/\/www.weinhandel-blum.de\/whb\/index.php\/wp-json\/wp\/v2\/pages\/15\/revisions"}],"predecessor-version":[{"id":4414,"href":"https:\/\/www.weinhandel-blum.de\/whb\/index.php\/wp-json\/wp\/v2\/pages\/15\/revisions\/4414"}],"wp:attachment":[{"href":"https:\/\/www.weinhandel-blum.de\/whb\/index.php\/wp-json\/wp\/v2\/media?parent=15"}],"curies":[{"name":"wp","href":"https:\/\/api.w.org\/{rel}","templated":true}]}}